{"id":1933,"date":"2022-06-06T09:31:47","date_gmt":"2022-06-06T09:31:47","guid":{"rendered":"https:\/\/consultorafabros.com\/cookies-policy\/"},"modified":"2023-02-14T23:11:39","modified_gmt":"2023-02-14T23:11:39","slug":"cookies-policy","status":"publish","type":"page","link":"https:\/\/consultorafabros.com\/en\/cookies-policy\/","title":{"rendered":"Cookies Policy"},"content":{"rendered":"\t\t<div data-elementor-type=\"wp-page\" data-elementor-id=\"1933\" class=\"elementor elementor-1933 elementor-486\" data-elementor-post-type=\"page\">\n\t\t\t\t\t\t<section class=\"elementor-section elementor-top-section elementor-element elementor-element-f26f9f7 elementor-section-boxed elementor-section-height-default elementor-section-height-default\" data-id=\"f26f9f7\" data-element_type=\"section\" data-e-type=\"section\">\n\t\t\t\t\t\t<div class=\"elementor-container elementor-column-gap-default\">\n\t\t\t\t\t<div class=\"elementor-column elementor-col-100 elementor-top-column elementor-element elementor-element-85ca69d\" data-id=\"85ca69d\" data-element_type=\"column\" data-e-type=\"column\">\n\t\t\t<div class=\"elementor-widget-wrap elementor-element-populated\">\n\t\t\t\t\t\t<div class=\"elementor-element elementor-element-047832e elementor-widget elementor-widget-heading\" data-id=\"047832e\" data-element_type=\"widget\" data-e-type=\"widget\" data-widget_type=\"heading.default\">\n\t\t\t\t<div class=\"elementor-widget-container\">\n\t\t\t\t\t<h2 class=\"elementor-heading-title elementor-size-default\">Cookies Policy<\/h2>\t\t\t\t<\/div>\n\t\t\t\t<\/div>\n\t\t\t\t<div class=\"elementor-element elementor-element-6acdf3d elementor-widget elementor-widget-text-editor\" data-id=\"6acdf3d\" data-element_type=\"widget\" data-e-type=\"widget\" data-widget_type=\"text-editor.default\">\n\t\t\t\t<div class=\"elementor-widget-container\">\n\t\t\t\t\t\t\t\t\t<p>CONSULTORAFABROS.COM por su propia cuenta o la de un tercero contratado para la prestaci\u00f3n de servicios de medici\u00f3n, puede utilizar cookies cuando un usuario navega por el sitio web.<\/p>\n<p>FABROS PARTNER, S.L. presta los servicios de cookies de terceros al sitio web.<\/p>\n<p>Las cookies son ficheros enviados al navegador por medio de un servidor web para la finalidad de registrar las actividades del usuario durante su tiempo de navegaci\u00f3n.<\/p>\n<p>Mediante el uso de las cookies, tanto del sitio web como de terceros relacionados con \u00e9ste, es posible conocer m\u00faltiples detalles de la actividad del usuario; por ejemplo, el lugar desde el que accede, el tiempo de conexi\u00f3n, el sistema operativo empleado, las p\u00e1ginas visitadas y otros datos relativos al comportamiento del usuario en internet (par\u00e1metros del tr\u00e1fico, n\u00famero de entradas, etc.).<\/p>\n<p>Es posible acceder al sitio web desactivando las cookies pero podr\u00eda interferir en el correcto funcionamiento de aqu\u00e9l.<\/p>\n<p>Las cookies que emplea el sitio web s\u00f3lo se asocian con usuarios an\u00f3nimos y su ordenador sin que puedan suministrar, por s\u00ed mismas, datos personales de aqu\u00e9llos. Las cookies no recogen informaci\u00f3n personal que permita la identificaci\u00f3n de un usuario concreto.<\/p>\n<p>Por el plazo de tiempo que permanecen activadas en el equipo terminal, las cookies pueden ser de sesi\u00f3n (dise\u00f1adas para recabar y almacenar datos mientras el usuario acceda a la p\u00e1gina web) o persistentes (cuando los datos siguen almacenados en el terminal y pueden ser accedidos y tratados durante un determinado periodo que puede ir de unos minutos a varios a\u00f1os).<\/p><\/p>\n\t\t\t\t\t\t\t\t<\/div>\n\t\t\t\t<\/div>\n\t\t\t\t\t<\/div>\n\t\t<\/div>\n\t\t\t\t\t<\/div>\n\t\t<\/section>\n\t\t\t\t<\/div>\n\t\t","protected":false},"excerpt":{"rendered":"<p>Cookies Policy CONSULTORAFABROS.COM por su propia cuenta o la de un tercero contratado para la prestaci\u00f3n de servicios de medici\u00f3n, puede utilizar cookies cuando un usuario navega por el sitio web. FABROS PARTNER, S.L. presta los servicios de cookies de terceros al sitio web. Las cookies son ficheros enviados al navegador por medio de un [&hellip;]<\/p>\n","protected":false},"author":2,"featured_media":0,"parent":0,"menu_order":0,"comment_status":"closed","ping_status":"closed","template":"elementor_header_footer","meta":{"footnotes":""},"class_list":["post-1933","page","type-page","status-publish","hentry"],"_links":{"self":[{"href":"https:\/\/consultorafabros.com\/en\/wp-json\/wp\/v2\/pages\/1933","targetHints":{"allow":["GET"]}}],"collection":[{"href":"https:\/\/consultorafabros.com\/en\/wp-json\/wp\/v2\/pages"}],"about":[{"href":"https:\/\/consultorafabros.com\/en\/wp-json\/wp\/v2\/types\/page"}],"author":[{"embeddable":true,"href":"https:\/\/consultorafabros.com\/en\/wp-json\/wp\/v2\/users\/2"}],"replies":[{"embeddable":true,"href":"https:\/\/consultorafabros.com\/en\/wp-json\/wp\/v2\/comments?post=1933"}],"version-history":[{"count":1,"href":"https:\/\/consultorafabros.com\/en\/wp-json\/wp\/v2\/pages\/1933\/revisions"}],"predecessor-version":[{"id":1934,"href":"https:\/\/consultorafabros.com\/en\/wp-json\/wp\/v2\/pages\/1933\/revisions\/1934"}],"wp:attachment":[{"href":"https:\/\/consultorafabros.com\/en\/wp-json\/wp\/v2\/media?parent=1933"}],"curies":[{"name":"wp","href":"https:\/\/api.w.org\/{rel}","templated":true}]}}