{"id":1943,"date":"2022-06-23T13:21:38","date_gmt":"2022-06-23T13:21:38","guid":{"rendered":"https:\/\/consultorafabros.com\/legal-notice\/"},"modified":"2023-02-14T23:16:19","modified_gmt":"2023-02-14T23:16:19","slug":"legal-notice","status":"publish","type":"page","link":"https:\/\/consultorafabros.com\/en\/legal-notice\/","title":{"rendered":"Legal Notice"},"content":{"rendered":"\t\t<div data-elementor-type=\"wp-page\" data-elementor-id=\"1943\" class=\"elementor elementor-1943 elementor-681\" data-elementor-post-type=\"page\">\n\t\t\t\t\t\t<section class=\"elementor-section elementor-top-section elementor-element elementor-element-9b7428d elementor-section-boxed elementor-section-height-default elementor-section-height-default\" data-id=\"9b7428d\" data-element_type=\"section\" data-e-type=\"section\">\n\t\t\t\t\t\t<div class=\"elementor-container elementor-column-gap-default\">\n\t\t\t\t\t<div class=\"elementor-column elementor-col-100 elementor-top-column elementor-element elementor-element-69b3990\" data-id=\"69b3990\" data-element_type=\"column\" data-e-type=\"column\">\n\t\t\t<div class=\"elementor-widget-wrap elementor-element-populated\">\n\t\t\t\t\t\t<div class=\"elementor-element elementor-element-3e82159 elementor-widget elementor-widget-heading\" data-id=\"3e82159\" data-element_type=\"widget\" data-e-type=\"widget\" data-widget_type=\"heading.default\">\n\t\t\t\t<div class=\"elementor-widget-container\">\n\t\t\t\t\t<h2 class=\"elementor-heading-title elementor-size-default\">Legal Notice<\/h2>\t\t\t\t<\/div>\n\t\t\t\t<\/div>\n\t\t\t\t<div class=\"elementor-element elementor-element-f5a8634 elementor-widget elementor-widget-text-editor\" data-id=\"f5a8634\" data-element_type=\"widget\" data-e-type=\"widget\" data-widget_type=\"text-editor.default\">\n\t\t\t\t<div class=\"elementor-widget-container\">\n\t\t\t\t\t\t\t\t\t<p>En cumplimiento con el deber de informaci\u00f3n recogido en el art\u00edculo 10 de la Ley 34\/2002 de 11 de julio, de Servicios de la Sociedad de la Informaci\u00f3n y el Comercio Electr\u00f3nico y el art\u00edculo 4, apartado Cuatro de la Ley 56\/2007, de 28 de diciembre, de Medidas de Impulso de la Sociedad de la Informaci\u00f3n, le informamos de lo siguiente:<\/p>\n<p><strong>FABROS PARTNER, S.L.<\/strong>, con <strong>CIF B24730129<\/strong> pueden ponerse en contacto con nosotros en el domicilio <strong>C\/Campo de La Cruz n\u00ba 5, 24401 ,Ponferrada (Le\u00f3n)<\/strong> o enviando un correo electr\u00f3nico a <a href=\"mailto:info@consultorafabros.com\">info@consultorafabros.com<\/a><\/p>\n<p><span style=\"text-decoration: underline;\">T\u00e9rminos y condiciones de uso<\/span><br \/>El acceso y utilizaci\u00f3n de este sitio web atribuye al visitante la condici\u00f3n de usuario. Ello supone que el usuario acepta las condiciones de uso vigentes en cada momento y se compromete a hacer un uso adecuado de los contenidos del sitio web y a observar y cumplir rigurosamente cuanto se disponga en este aviso y en las normas que sean de aplicaci\u00f3n.<\/p>\n<p>Asimismo el usuario se compromete a:<br \/>1) Suministrar informaci\u00f3n veraz sobre los datos de registro y a mantenerlos actualizados.<br \/>2) No difundir contenidos contrarios a la ley o a la dignidad de la persona; que sean discriminatorios por raz\u00f3n de nacimiento, raza, sexo, religi\u00f3n, opini\u00f3n o cualquier otra condici\u00f3n o circunstancia personal o social; o que, de cualquier modo, sean contrarios a la ley y al orden p\u00fablico.<br \/>3) Cualesquiera otros que, a juicio de <strong>FABROS.COM<\/strong>, sean inadecuados para su publicaci\u00f3n.<\/p>\n<p><strong>FABROS PARTNER S.L.<\/strong> se reserva el derecho a efectuar las modificaciones que estime convenientes, a\u00f1adiendo, cambiando o eliminando contenidos o servicios prestados a trav\u00e9s del sitio web; as\u00ed como el de retirar cualquier aportaci\u00f3n o comentario que contravenga las reglas descritas anteriormente.<\/p>\n<p><strong>FABROS PARTNER S.L.<\/strong> no se har\u00e1 responsable en ning\u00fan caso de las opiniones vertidas por el usuario a trav\u00e9s de las herramientas de participaci\u00f3n ofrecidas por el sitio web.<\/p>\n<p>El sitio web requiere que el usuario se inscriba, registre datos personales o rellene formularios.<\/p>\n<p>El sitio web ofrece espacios para recibir y responder comentarios u otro sistema para la interacci\u00f3n de los usuarios.<\/p>\n<p>El acceso al sitio web es libre y gratuito para el usuario en todas sus partes, contenidos, etc.<\/p>\n\t\t\t\t\t\t\t\t<\/div>\n\t\t\t\t<\/div>\n\t\t\t\t\t<\/div>\n\t\t<\/div>\n\t\t\t\t\t<\/div>\n\t\t<\/section>\n\t\t\t\t<\/div>\n\t\t","protected":false},"excerpt":{"rendered":"<p>Legal Notice En cumplimiento con el deber de informaci\u00f3n recogido en el art\u00edculo 10 de la Ley 34\/2002 de 11 de julio, de Servicios de la Sociedad de la Informaci\u00f3n y el Comercio Electr\u00f3nico y el art\u00edculo 4, apartado Cuatro de la Ley 56\/2007, de 28 de diciembre, de Medidas de Impulso de la Sociedad [&hellip;]<\/p>\n","protected":false},"author":2,"featured_media":0,"parent":0,"menu_order":0,"comment_status":"closed","ping_status":"closed","template":"elementor_header_footer","meta":{"footnotes":""},"class_list":["post-1943","page","type-page","status-publish","hentry"],"_links":{"self":[{"href":"https:\/\/consultorafabros.com\/en\/wp-json\/wp\/v2\/pages\/1943","targetHints":{"allow":["GET"]}}],"collection":[{"href":"https:\/\/consultorafabros.com\/en\/wp-json\/wp\/v2\/pages"}],"about":[{"href":"https:\/\/consultorafabros.com\/en\/wp-json\/wp\/v2\/types\/page"}],"author":[{"embeddable":true,"href":"https:\/\/consultorafabros.com\/en\/wp-json\/wp\/v2\/users\/2"}],"replies":[{"embeddable":true,"href":"https:\/\/consultorafabros.com\/en\/wp-json\/wp\/v2\/comments?post=1943"}],"version-history":[{"count":1,"href":"https:\/\/consultorafabros.com\/en\/wp-json\/wp\/v2\/pages\/1943\/revisions"}],"predecessor-version":[{"id":1944,"href":"https:\/\/consultorafabros.com\/en\/wp-json\/wp\/v2\/pages\/1943\/revisions\/1944"}],"wp:attachment":[{"href":"https:\/\/consultorafabros.com\/en\/wp-json\/wp\/v2\/media?parent=1943"}],"curies":[{"name":"wp","href":"https:\/\/api.w.org\/{rel}","templated":true}]}}